{"id":2357,"date":"2022-11-02T15:30:13","date_gmt":"2022-11-02T15:30:13","guid":{"rendered":"https:\/\/milomare.eu\/?page_id=2357"},"modified":"2023-11-13T17:59:50","modified_gmt":"2023-11-13T17:59:50","slug":"polityka-prywatnosci","status":"publish","type":"page","link":"https:\/\/milomare.eu\/de\/polityka-prywatnosci\/","title":{"rendered":"Datenschutzbestimmungen"},"content":{"rendered":"<div data-elementor-type=\"wp-page\" data-elementor-id=\"2357\" class=\"elementor elementor-2357\" data-elementor-settings=\"{&quot;ha_cmc_init_switcher&quot;:&quot;no&quot;}\" data-elementor-post-type=\"page\">\n\t\t\t\t<div class=\"elementor-element elementor-element-31c8dd7 e-flex e-con-boxed e-con e-parent\" data-id=\"31c8dd7\" data-element_type=\"container\" data-settings=\"{&quot;background_background&quot;:&quot;classic&quot;,&quot;_ha_eqh_enable&quot;:false}\">\n\t\t\t\t\t<div class=\"e-con-inner\">\n\t\t\t\t<div class=\"elementor-element elementor-element-8bff38a elementor-widget elementor-widget-ha-page-title happy-addon ha-page-title\" data-id=\"8bff38a\" data-element_type=\"widget\" data-widget_type=\"ha-page-title.default\">\n\t\t\t\t<div class=\"elementor-widget-container\">\n\t\t\t\t\t<h1 class=\"ha-page-title elementor-size-default\">Datenschutzbestimmungen<\/h1>\t\t\t\t<\/div>\n\t\t\t\t<\/div>\n\t\t\t\t<div class=\"elementor-element elementor-element-e694346 elementor-icon-list--layout-inline elementor-widget__width-auto elementor-list-item-link-full_width elementor-widget elementor-widget-icon-list\" data-id=\"e694346\" data-element_type=\"widget\" data-widget_type=\"icon-list.default\">\n\t\t\t\t<div class=\"elementor-widget-container\">\n\t\t\t\t\t\t\t<ul class=\"elementor-icon-list-items elementor-inline-items\">\n\t\t\t\t\t\t\t<li class=\"elementor-icon-list-item elementor-inline-item\">\n\t\t\t\t\t\t\t\t\t\t\t<a href=\"\/de\/\">\n\n\t\t\t\t\t\t\t\t\t\t\t<span class=\"elementor-icon-list-text\">Homepage<\/span>\n\t\t\t\t\t\t\t\t\t\t\t<\/a>\n\t\t\t\t\t\t\t\t\t<\/li>\n\t\t\t\t\t\t\t\t<li class=\"elementor-icon-list-item elementor-inline-item\">\n\t\t\t\t\t\t\t\t\t\t\t<span class=\"elementor-icon-list-icon\">\n\t\t\t\t\t\t\t<i aria-hidden=\"true\" class=\"fas fa-caret-right\"><\/i>\t\t\t\t\t\t<\/span>\n\t\t\t\t\t\t\t\t\t\t<span class=\"elementor-icon-list-text\">Datenschutzbestimmungen<\/span>\n\t\t\t\t\t\t\t\t\t<\/li>\n\t\t\t\t\t\t<\/ul>\n\t\t\t\t\t\t<\/div>\n\t\t\t\t<\/div>\n\t\t\t\t\t<\/div>\n\t\t\t\t<\/div>\n\t\t<div class=\"elementor-element elementor-element-362ae47 e-flex e-con-boxed e-con e-parent\" data-id=\"362ae47\" data-element_type=\"container\" data-settings=\"{&quot;_ha_eqh_enable&quot;:false}\">\n\t\t\t\t\t<div class=\"e-con-inner\">\n\t\t\t\t<div class=\"elementor-element elementor-element-f61b936 elementor-widget elementor-widget-text-editor\" data-id=\"f61b936\" data-element_type=\"widget\" data-widget_type=\"text-editor.default\">\n\t\t\t\t<div class=\"elementor-widget-container\">\n\t\t\t\t\t\t\t\t\t<p><strong>In dieser Datenschutzerkl\u00e4rung wird beschrieben, wie wir Informationen \u00fcber Sie, einschlie\u00dflich personenbezogener Daten und Cookies, oder \"Cookies\", verarbeiten.<\/strong><\/p><div class=\"lh166\"><h4 class=\"pb-12\"><strong>1. allgemeine Informationen<\/strong><\/h4><ol><li>Diese Politik gilt f\u00fcr die Website, die unter der Url:\u00a0<b>milomare.eu<\/b><\/li><li>Der Betreiber des Dienstes und der Verwalter der pers\u00f6nlichen Daten ist: Firmenname: Milo Mare Apartaments, Iwona Kulczy\u0144ska - Heringer ul. Akacjowa 25C, 76-032 Mielenko, Polen<\/li><li>Kontakt-E-Mail-Adresse des Betreibers: <a href=\"mailto:milomare@milomare.eu\">milomare@milomare.eu<\/a><\/li><li>Der Betreiber ist der Verwalter Ihrer pers\u00f6nlichen Daten in Bezug auf die Daten, die Sie freiwillig auf der Website angeben.<\/li><li>Der Dienst verwendet personenbezogene Daten f\u00fcr die folgenden Zwecke:<ul><li>Bearbeitung von Anfragen \u00fcber das Formular<\/li><li>Erbringung der gew\u00fcnschten Dienstleistungen<\/li><li>Pr\u00e4sentation eines Angebots oder einer Information<\/li><\/ul><\/li><li>Der Dienst f\u00fchrt Funktionen aus, um Informationen \u00fcber die Nutzer und ihr Verhalten auf folgende Weise zu erhalten:<ol><li>Durch die freiwillig in die Formulare eingegebenen Daten, die in die Systeme des Betreibers eingegeben werden.<\/li><li>Durch die Speicherung von Cookies (sog. \"Cookies\") auf den Endger\u00e4ten.<\/li><\/ol><\/li><\/ol><h4 class=\"pb-12\"><strong>2. ausgew\u00e4hlte Datenschutzmethoden des Betreibers<\/strong><\/h4><ol><li>Die Login- und Personendaten-Eingabeseiten sind in der \u00dcbertragungsschicht gesch\u00fctzt (SSL-Zertifikat). Dadurch wird sichergestellt, dass die auf der Website eingegebenen pers\u00f6nlichen Daten und Anmeldedaten auf dem Computer des Benutzers verschl\u00fcsselt werden und nur auf dem Zielserver gelesen werden k\u00f6nnen.<\/li><li>Der Betreiber \u00e4ndert in regelm\u00e4\u00dfigen Abst\u00e4nden seine administrativen Passw\u00f6rter.<\/li><li>Um die Daten zu sch\u00fctzen, erstellt der Betreiber regelm\u00e4\u00dfig Sicherungskopien.<\/li><li>Ein wichtiges Element des Datenschutzes ist die regelm\u00e4\u00dfige Aktualisierung der gesamten Software, die der Betreiber zur Verarbeitung personenbezogener Daten einsetzt, d.h. insbesondere die regelm\u00e4\u00dfige Aktualisierung der Softwarekomponenten.<\/li><\/ol><h4 class=\"pb-12\"><strong>3. das Hosting<\/strong><\/h4><ol><li>Der Dienst wird auf dem Server des Betreibers gehostet (technisch gewartet): strato.de<\/li><\/ol><h4 class=\"pb-12\"><strong>4. Ihre Rechte und zus\u00e4tzliche Informationen \u00fcber die Verwendung Ihrer Daten<\/strong><\/h4><ol><li>In bestimmten Situationen hat der Verwalter das Recht, Ihre personenbezogenen Daten an andere Empf\u00e4nger zu \u00fcbermitteln, wenn dies f\u00fcr die Erf\u00fcllung eines mit Ihnen geschlossenen Vertrags oder f\u00fcr die Erf\u00fcllung der dem Verwalter obliegenden Verpflichtungen erforderlich ist. Dies gilt f\u00fcr solche Gruppen von Empf\u00e4ngern:<ul><li>Hosting-Unternehmen auf delegierter Basis<\/li><li>autorisierte Mitarbeiter und Partner, die die Daten zur Erf\u00fcllung des Zwecks der Website verwenden<\/li><li>Unternehmen, die dem Verwalter Marketingdienstleistungen anbieten<\/li><\/ul><\/li><li>Ihre personenbezogenen Daten werden vom Verwalter nur so lange verarbeitet, wie es f\u00fcr die Durchf\u00fchrung der damit verbundenen, in gesonderten Vorschriften festgelegten T\u00e4tigkeiten (z. B. zur Buchf\u00fchrung) erforderlich ist. Im Hinblick auf Marketingdaten werden die Daten nicht l\u00e4nger als 3 Jahre verarbeitet.<\/li><li>Sie haben das Recht, sich an den Verwalter zu wenden:<ul><li>Zugang zu den Sie betreffenden personenbezogenen Daten,<\/li><li>ihre Berichtigung,<\/li><li>L\u00f6schungen,<\/li><li>Einschr\u00e4nkung der Verarbeitung,<\/li><li>und Daten\u00fcbertragbarkeit.<\/li><\/ul><\/li><li>Sie haben das Recht, der unter 3.3 c) genannten Verarbeitung Ihrer personenbezogenen Daten zur Wahrung der berechtigten Interessen des f\u00fcr die Verarbeitung Verantwortlichen, einschlie\u00dflich des Profilings, zu widersprechen, wobei das Widerspruchsrecht nicht ausge\u00fcbt werden kann, wenn berechtigte Gr\u00fcnde f\u00fcr die Verarbeitung vorliegen, die Ihre Interessen, Rechte und Freiheiten \u00fcberwiegen, insbesondere die Feststellung, Geltendmachung oder Verteidigung von Anspr\u00fcchen.<\/li><li>Gegen die Handlungen des Administrators kann beim Pr\u00e4sidenten des Amtes f\u00fcr den Schutz personenbezogener Daten, ul. Stawki 2, 00-193 Warschau, Beschwerde eingelegt werden.<\/li><li>Die Angabe von personenbezogenen Daten ist freiwillig, aber f\u00fcr den Betrieb des Dienstes erforderlich.<\/li><li>W stosunku do Ciebie mog\u0105 by\u0107 podejmowane czynno\u015bci polegaj\u0105ce na zautomatyzowanym podejmowaniu decyzji, w tym profilowaniu w celu \u015bwiadczenia us\u0142ug w ramach zawartej umowy oraz w celu prowadzenia przez Administratora marketingu bezpo\u015bredniego.<\/li><li>Personenbezogene Daten werden nicht aus Drittl\u00e4ndern im Sinne der Datenschutzgesetzgebung \u00fcbermittelt. Das bedeutet, dass wir sie nicht in L\u00e4nder au\u00dferhalb der Europ\u00e4ischen Union \u00fcbermitteln.<\/li><\/ol><h4 class=\"pb-12\"><strong>5. Informationen zu den Formularen<\/strong><\/h4><ol><li>Der Dienst sammelt Informationen, die der Nutzer freiwillig zur Verf\u00fcgung stellt, einschlie\u00dflich personenbezogener Daten, sofern diese zur Verf\u00fcgung gestellt werden.<\/li><li>Der Dienst kann Informationen \u00fcber die Verbindungsparameter (Zeitstempel, IP-Adresse) speichern.<\/li><li>Die Website kann in einigen F\u00e4llen Informationen speichern, um die Daten im Formular mit der E-Mail-Adresse des Benutzers, der das Formular ausf\u00fcllt, zu verkn\u00fcpfen. In diesem Fall erscheint die E-Mail-Adresse des Nutzers innerhalb der URL der Seite, die das Formular enth\u00e4lt.<\/li><li>Die im Formular angegebenen Daten werden zu dem Zweck verarbeitet, der sich aus der Funktion des jeweiligen Formulars ergibt, z. B. zur Bearbeitung einer Dienstleistungsanfrage oder eines Gesch\u00e4ftskontakts, zur Registrierung von Dienstleistungen usw. In jedem Fall geht aus dem Kontext und der Beschreibung des Formulars klar hervor, wozu es verwendet wird.<\/li><\/ol><h4 class=\"pb-12\"><strong>6 Administratorprotokolle<\/strong><\/h4><ol><li>Informationen \u00fcber das Nutzerverhalten auf der Website k\u00f6nnen protokolliert werden. Diese Daten werden f\u00fcr die Verwaltung der Website verwendet.<\/li><\/ol><h4 class=\"pb-12\"><strong>7 Relevante Marketingtechniken<\/strong><\/h4><ol><li>Der Betreiber nutzt die statistische Auswertung des Website-Verkehrs \u00fcber Google Analytics (Google Inc., mit Sitz in den USA). Der Betreiber \u00fcbermittelt keine personenbezogenen Daten an den Betreiber dieses Dienstes, sondern nur anonymisierte Informationen. Der Dienst basiert auf der Verwendung von Cookies auf dem Endger\u00e4t des Nutzers. Was die vom Google-Werbenetzwerk gesammelten Informationen \u00fcber die Nutzerpr\u00e4ferenzen betrifft, so kann der Nutzer die aus den Cookies resultierenden Informationen mit Hilfe des folgenden Tools einsehen und bearbeiten: https:\/\/www.google.com\/ads\/preferences\/.<\/li><li>Der Betreiber verwendet Remarketing-Techniken, um Werbebotschaften auf das Verhalten des Nutzers auf der Website abzustimmen, was den Anschein erwecken kann, dass die pers\u00f6nlichen Daten des Nutzers verwendet werden, um den Nutzer zu verfolgen, aber in der Praxis werden keine pers\u00f6nlichen Daten vom Betreiber an die Werbebetreiber \u00fcbertragen. Eine technische Voraussetzung f\u00fcr solche Aktivit\u00e4ten ist, dass Cookies aktiviert sind.<\/li><li>Der Betreiber verwendet eine L\u00f6sung, die den Betrieb der Website in Bezug auf die Nutzer automatisiert, z.B. kann er einem Nutzer nach dem Besuch einer bestimmten Unterseite eine E-Mail schicken, vorausgesetzt, der Nutzer hat zugestimmt, kommerzielle Korrespondenz vom Betreiber zu erhalten.<\/li><\/ol><h4 class=\"pb-12\"><strong>8 Informationen \u00fcber Cookies<\/strong><\/h4><ol><li>Die Website verwendet Cookies.<\/li><li>Cookies (sog. \"Kekse\") sind IT-Daten, insbesondere Textdateien, die auf dem Endger\u00e4t des Dienstnutzers gespeichert werden und f\u00fcr die Nutzung der Website bestimmt sind. Cookies enthalten in der Regel den Namen der Website, von der sie stammen, die Zeit, in der sie auf dem Endger\u00e4t gespeichert werden, und eine eindeutige Nummer.<\/li><li>Die Stelle, die Cookies auf dem Endger\u00e4t des Nutzers platziert und auf sie zugreift, ist der Betreiber des Dienstes.<\/li><li>Cookies werden f\u00fcr die folgenden Zwecke verwendet:<ol><li>Aufrechterhaltung einer Sitzung des Website-Benutzers (nach dem Einloggen), dank derer der Benutzer sein Login und sein Passwort nicht auf jeder Unterseite der Website erneut eingeben muss;<\/li><li>um die oben unter \"Wesentliche Marketingtechniken\" genannten Ziele zu erreichen;<\/li><\/ol><\/li><li>Die Website verwendet zwei Haupttypen von Cookies: \"Session\" (Sitzungscookies) und \"permanente\" (dauerhafte Cookies). \"Sitzungs-Cookies\" sind tempor\u00e4re Dateien, die auf dem Endger\u00e4t des Nutzers gespeichert werden, bis dieser sich abmeldet, die Website verl\u00e4sst oder die Software (Webbrowser) ausschaltet. \"Dauerhafte\" Cookies werden auf dem Endger\u00e4t des Nutzers f\u00fcr die in den Cookie-Parametern angegebene Zeit oder bis zu ihrer L\u00f6schung durch den Nutzer gespeichert.<\/li><li>Die Web-Browsing-Software (Webbrowser) erlaubt in der Regel standardm\u00e4\u00dfig die Speicherung von Cookies auf dem Endger\u00e4t des Nutzers. Die Nutzer der Website k\u00f6nnen ihre diesbez\u00fcglichen Einstellungen \u00e4ndern. Der Internet-Browser bietet die M\u00f6glichkeit, Cookies zu l\u00f6schen. Es ist auch m\u00f6glich, Cookies automatisch zu blockieren. Einzelheiten entnehmen Sie bitte der Hilfe oder Dokumentation Ihres Internet-Browsers.<\/li><li>Einschr\u00e4nkungen bei der Verwendung von Cookies k\u00f6nnen einige der auf der Website verf\u00fcgbaren Funktionen beeintr\u00e4chtigen.<\/li><li>Die im Endger\u00e4t des Nutzers des Dienstes platzierten Cookies k\u00f6nnen auch von Einrichtungen verwendet werden, die mit dem Betreiber des Dienstes zusammenarbeiten, insbesondere von Unternehmen: Google (Google Inc. mit Sitz in den USA), Facebook (Facebook Inc. mit Sitz in den USA), Twitter (Twitter Inc. mit Sitz in den USA).<\/li><\/ol><h4 class=\"pb-12\"><strong>9. die Verwaltung von Cookies - wie wird die Zustimmung in der Praxis erteilt und zur\u00fcckgezogen?<\/strong><\/h4><ol><li>Wenn Sie keine Cookies erhalten m\u00f6chten, k\u00f6nnen Sie Ihre Browsereinstellungen \u00e4ndern. Wir weisen darauf hin, dass die Deaktivierung von Cookies, die f\u00fcr Authentifizierungsprozesse, die Sicherheit und die Beibehaltung von Benutzerpr\u00e4ferenzen unerl\u00e4sslich sind, die Nutzung der Websites erschweren und in extremen F\u00e4llen unm\u00f6glich machen kann<\/li><li>Um Ihre Cookie-Einstellungen zu verwalten, w\u00e4hlen Sie den von Ihnen verwendeten Webbrowser aus der nachstehenden Liste aus und folgen Sie den Anweisungen:<ul><li><a href=\"https:\/\/support.microsoft.com\/pl-pl\/help\/10607\/microsoft-edge-view-delete-browser-history\">Kante<\/a><\/li><li><a href=\"https:\/\/support.microsoft.com\/pl-pl\/help\/278835\/how-to-delete-cookie-files-in-internet-explorer\">Internet Explorer<\/a><\/li><li><a href=\"http:\/\/support.google.com\/chrome\/bin\/answer.py?hl=pl&amp;answer=95647\">Chrom<\/a><\/li><li><a href=\"http:\/\/support.apple.com\/kb\/PH5042\">Safari<\/a><\/li><li><a href=\"http:\/\/support.mozilla.org\/pl\/kb\/W%C5%82%C4%85czanie%20i%20wy%C5%82%C4%85czanie%20obs%C5%82ugi%20ciasteczek\">Firefox<\/a><\/li><li><a href=\"http:\/\/help.opera.com\/Windows\/12.10\/pl\/cookies.html\">Oper<\/a><\/li><\/ul><p>Mobile Ger\u00e4te:<\/p><ul><li><a href=\"http:\/\/support.google.com\/chrome\/bin\/answer.py?hl=pl&amp;answer=95647\">Android<\/a><\/li><li><a href=\"http:\/\/support.apple.com\/kb\/HT1677?viewlocale=pl_PL\">Safari (iOS)<\/a><\/li><li><a href=\"http:\/\/www.windowsphone.com\/pl-pl\/how-to\/wp7\/web\/changing-privacy-and-other-browser-settings\">Windows Phone<\/a><\/li><\/ul><\/li><\/ol><div class=\"disclaimer pt-36\"><p>Diese Richtlinienvorlage wurde kostenlos und zu Informationszwecken auf der Grundlage unseres Wissens, der Branchenpraxis und der zum 14.08.2018 geltenden Gesetze erstellt. Wir empfehlen Ihnen, die Richtlinienvorlage zu \u00fcberpr\u00fcfen, bevor Sie sie auf Ihrer Website verwenden. Die Vorlage basiert auf den am h\u00e4ufigsten vorkommenden Situationen auf Websites, spiegelt aber m\u00f6glicherweise nicht die vollst\u00e4ndigen und genauen Besonderheiten Ihrer Website wider. Bitte lesen Sie das erstellte Dokument sorgf\u00e4ltig durch und passen Sie es gegebenenfalls an Ihre Situation an oder lassen Sie sich rechtlich beraten. Wir \u00fcbernehmen keine Verantwortung f\u00fcr die Folgen der Verwendung dieses Dokuments, da nur Sie die Kontrolle dar\u00fcber haben, ob alle darin enthaltenen Informationen korrekt sind. Bitte beachten Sie auch, dass die Datenschutzpolitik, selbst die beste, nur ein Element Ihrer Sorge um die pers\u00f6nlichen Daten und die Privatsph\u00e4re des Nutzers auf der Website ist.<\/p><\/div><\/div>\t\t\t\t\t\t\t\t<\/div>\n\t\t\t\t<\/div>\n\t\t\t\t\t<\/div>\n\t\t\t\t<\/div>\n\t\t\t\t<\/div>","protected":false},"excerpt":{"rendered":"<p>Polityka Prywatno\u015bci Strona g\u0142\u00f3wna Polityka prywatno\u015bci Polityka prywatno\u015bci opisuje zasady przetwarzania przez nas informacji na Tw\u00f3j temat, w tym danych osobowych oraz ciasteczek, czyli tzw. cookies. 1. Informacje og\u00f3lne Niniejsza polityka dotyczy Serwisu www, funkcjonuj\u0105cego pod adresem url:\u00a0milomare.eu Operatorem serwisu oraz Administratorem danych osobowych jest: Nazwa firmy: Milo Mare Apartaments, Iwona Kulczy\u0144ska \u2013 Heringer ul. [&hellip;]<\/p>","protected":false},"author":1,"featured_media":0,"parent":0,"menu_order":0,"comment_status":"closed","ping_status":"closed","template":"elementor_header_footer","meta":{"_acf_changed":false,"footnotes":""},"class_list":["post-2357","page","type-page","status-publish","hentry"],"acf":[],"yoast_head":"<!-- This site is optimized with the Yoast SEO plugin v24.1 - https:\/\/yoast.com\/wordpress\/plugins\/seo\/ -->\n<title>Polityka Prywatno\u015bci - Milo Mare<\/title>\n<meta name=\"robots\" content=\"index, follow, max-snippet:-1, max-image-preview:large, max-video-preview:-1\" \/>\n<link rel=\"canonical\" href=\"https:\/\/milomare.eu\/de\/polityka-prywatnosci\/\" \/>\n<meta property=\"og:locale\" content=\"de_DE\" \/>\n<meta property=\"og:type\" content=\"article\" \/>\n<meta property=\"og:title\" content=\"Polityka Prywatno\u015bci - Milo Mare\" \/>\n<meta property=\"og:description\" content=\"Polityka Prywatno\u015bci Strona g\u0142\u00f3wna Polityka prywatno\u015bci Polityka prywatno\u015bci opisuje zasady przetwarzania przez nas informacji na Tw\u00f3j temat, w tym danych osobowych oraz ciasteczek, czyli tzw. cookies. 1. Informacje og\u00f3lne Niniejsza polityka dotyczy Serwisu www, funkcjonuj\u0105cego pod adresem url:\u00a0milomare.eu Operatorem serwisu oraz Administratorem danych osobowych jest: Nazwa firmy: Milo Mare Apartaments, Iwona Kulczy\u0144ska \u2013 Heringer ul. [&hellip;]\" \/>\n<meta property=\"og:url\" content=\"https:\/\/milomare.eu\/de\/polityka-prywatnosci\/\" \/>\n<meta property=\"og:site_name\" content=\"Milo Mare\" \/>\n<meta property=\"article:publisher\" content=\"https:\/\/www.facebook.com\/profile.php?id=100062938195148\" \/>\n<meta property=\"article:modified_time\" content=\"2023-11-13T17:59:50+00:00\" \/>\n<meta name=\"twitter:card\" content=\"summary_large_image\" \/>\n<meta name=\"twitter:label1\" content=\"Gesch\u00e4tzte Lesezeit\" \/>\n\t<meta name=\"twitter:data1\" content=\"8 Minuten\" \/>\n<script type=\"application\/ld+json\" class=\"yoast-schema-graph\">{\"@context\":\"https:\/\/schema.org\",\"@graph\":[{\"@type\":\"WebPage\",\"@id\":\"https:\/\/milomare.eu\/polityka-prywatnosci\/\",\"url\":\"https:\/\/milomare.eu\/polityka-prywatnosci\/\",\"name\":\"Polityka Prywatno\u015bci - Milo Mare\",\"isPartOf\":{\"@id\":\"https:\/\/milomare.eu\/#website\"},\"datePublished\":\"2022-11-02T15:30:13+00:00\",\"dateModified\":\"2023-11-13T17:59:50+00:00\",\"breadcrumb\":{\"@id\":\"https:\/\/milomare.eu\/polityka-prywatnosci\/#breadcrumb\"},\"inLanguage\":\"de\",\"potentialAction\":[{\"@type\":\"ReadAction\",\"target\":[\"https:\/\/milomare.eu\/polityka-prywatnosci\/\"]}]},{\"@type\":\"BreadcrumbList\",\"@id\":\"https:\/\/milomare.eu\/polityka-prywatnosci\/#breadcrumb\",\"itemListElement\":[{\"@type\":\"ListItem\",\"position\":1,\"name\":\"Strona g\u0142\u00f3wna\",\"item\":\"https:\/\/milomare.eu\/\"},{\"@type\":\"ListItem\",\"position\":2,\"name\":\"Polityka Prywatno\u015bci\"}]},{\"@type\":\"WebSite\",\"@id\":\"https:\/\/milomare.eu\/#website\",\"url\":\"https:\/\/milomare.eu\/\",\"name\":\"Milo Mare\",\"description\":\"Komfortowe apartamenty nad morzem\",\"publisher\":{\"@id\":\"https:\/\/milomare.eu\/#organization\"},\"potentialAction\":[{\"@type\":\"SearchAction\",\"target\":{\"@type\":\"EntryPoint\",\"urlTemplate\":\"https:\/\/milomare.eu\/?s={search_term_string}\"},\"query-input\":{\"@type\":\"PropertyValueSpecification\",\"valueRequired\":true,\"valueName\":\"search_term_string\"}}],\"inLanguage\":\"de\"},{\"@type\":\"Organization\",\"@id\":\"https:\/\/milomare.eu\/#organization\",\"name\":\"Milo Mare\",\"url\":\"https:\/\/milomare.eu\/\",\"logo\":{\"@type\":\"ImageObject\",\"inLanguage\":\"de\",\"@id\":\"https:\/\/milomare.eu\/#\/schema\/logo\/image\/\",\"url\":\"https:\/\/milomare.eu\/wp-content\/uploads\/2022\/10\/milo-mare.svg\",\"contentUrl\":\"https:\/\/milomare.eu\/wp-content\/uploads\/2022\/10\/milo-mare.svg\",\"width\":500,\"height\":500,\"caption\":\"Milo Mare\"},\"image\":{\"@id\":\"https:\/\/milomare.eu\/#\/schema\/logo\/image\/\"},\"sameAs\":[\"https:\/\/www.facebook.com\/profile.php?id=100062938195148\"]}]}<\/script>\n<!-- \/ Yoast SEO plugin. -->","yoast_head_json":{"title":"Polityka Prywatno\u015bci - Milo Mare","robots":{"index":"index","follow":"follow","max-snippet":"max-snippet:-1","max-image-preview":"max-image-preview:large","max-video-preview":"max-video-preview:-1"},"canonical":"https:\/\/milomare.eu\/de\/polityka-prywatnosci\/","og_locale":"de_DE","og_type":"article","og_title":"Polityka Prywatno\u015bci - Milo Mare","og_description":"Polityka Prywatno\u015bci Strona g\u0142\u00f3wna Polityka prywatno\u015bci Polityka prywatno\u015bci opisuje zasady przetwarzania przez nas informacji na Tw\u00f3j temat, w tym danych osobowych oraz ciasteczek, czyli tzw. cookies. 1. Informacje og\u00f3lne Niniejsza polityka dotyczy Serwisu www, funkcjonuj\u0105cego pod adresem url:\u00a0milomare.eu Operatorem serwisu oraz Administratorem danych osobowych jest: Nazwa firmy: Milo Mare Apartaments, Iwona Kulczy\u0144ska \u2013 Heringer ul. [&hellip;]","og_url":"https:\/\/milomare.eu\/de\/polityka-prywatnosci\/","og_site_name":"Milo Mare","article_publisher":"https:\/\/www.facebook.com\/profile.php?id=100062938195148","article_modified_time":"2023-11-13T17:59:50+00:00","twitter_card":"summary_large_image","twitter_misc":{"Gesch\u00e4tzte Lesezeit":"8 Minuten"},"schema":{"@context":"https:\/\/schema.org","@graph":[{"@type":"WebPage","@id":"https:\/\/milomare.eu\/polityka-prywatnosci\/","url":"https:\/\/milomare.eu\/polityka-prywatnosci\/","name":"Polityka Prywatno\u015bci - Milo Mare","isPartOf":{"@id":"https:\/\/milomare.eu\/#website"},"datePublished":"2022-11-02T15:30:13+00:00","dateModified":"2023-11-13T17:59:50+00:00","breadcrumb":{"@id":"https:\/\/milomare.eu\/polityka-prywatnosci\/#breadcrumb"},"inLanguage":"de","potentialAction":[{"@type":"ReadAction","target":["https:\/\/milomare.eu\/polityka-prywatnosci\/"]}]},{"@type":"BreadcrumbList","@id":"https:\/\/milomare.eu\/polityka-prywatnosci\/#breadcrumb","itemListElement":[{"@type":"ListItem","position":1,"name":"Strona g\u0142\u00f3wna","item":"https:\/\/milomare.eu\/"},{"@type":"ListItem","position":2,"name":"Polityka Prywatno\u015bci"}]},{"@type":"WebSite","@id":"https:\/\/milomare.eu\/#website","url":"https:\/\/milomare.eu\/","name":"Milo Mare","description":"Komfortowe apartamenty nad morzem","publisher":{"@id":"https:\/\/milomare.eu\/#organization"},"potentialAction":[{"@type":"SearchAction","target":{"@type":"EntryPoint","urlTemplate":"https:\/\/milomare.eu\/?s={search_term_string}"},"query-input":{"@type":"PropertyValueSpecification","valueRequired":true,"valueName":"search_term_string"}}],"inLanguage":"de"},{"@type":"Organization","@id":"https:\/\/milomare.eu\/#organization","name":"Milo Mare","url":"https:\/\/milomare.eu\/","logo":{"@type":"ImageObject","inLanguage":"de","@id":"https:\/\/milomare.eu\/#\/schema\/logo\/image\/","url":"https:\/\/milomare.eu\/wp-content\/uploads\/2022\/10\/milo-mare.svg","contentUrl":"https:\/\/milomare.eu\/wp-content\/uploads\/2022\/10\/milo-mare.svg","width":500,"height":500,"caption":"Milo Mare"},"image":{"@id":"https:\/\/milomare.eu\/#\/schema\/logo\/image\/"},"sameAs":["https:\/\/www.facebook.com\/profile.php?id=100062938195148"]}]}},"_links":{"self":[{"href":"https:\/\/milomare.eu\/de\/wp-json\/wp\/v2\/pages\/2357","targetHints":{"allow":["GET"]}}],"collection":[{"href":"https:\/\/milomare.eu\/de\/wp-json\/wp\/v2\/pages"}],"about":[{"href":"https:\/\/milomare.eu\/de\/wp-json\/wp\/v2\/types\/page"}],"author":[{"embeddable":true,"href":"https:\/\/milomare.eu\/de\/wp-json\/wp\/v2\/users\/1"}],"replies":[{"embeddable":true,"href":"https:\/\/milomare.eu\/de\/wp-json\/wp\/v2\/comments?post=2357"}],"version-history":[{"count":16,"href":"https:\/\/milomare.eu\/de\/wp-json\/wp\/v2\/pages\/2357\/revisions"}],"predecessor-version":[{"id":3301,"href":"https:\/\/milomare.eu\/de\/wp-json\/wp\/v2\/pages\/2357\/revisions\/3301"}],"wp:attachment":[{"href":"https:\/\/milomare.eu\/de\/wp-json\/wp\/v2\/media?parent=2357"}],"curies":[{"name":"wp","href":"https:\/\/api.w.org\/{rel}","templated":true}]}}