{"id":1688,"date":"2022-10-29T12:25:45","date_gmt":"2022-10-29T12:25:45","guid":{"rendered":"https:\/\/milomare.eu\/?page_id=1688"},"modified":"2023-11-25T09:45:49","modified_gmt":"2023-11-25T09:45:49","slug":"regulamin","status":"publish","type":"page","link":"https:\/\/milomare.eu\/de\/regulamin\/","title":{"rendered":"Verordnungen"},"content":{"rendered":"<div data-elementor-type=\"wp-page\" data-elementor-id=\"1688\" class=\"elementor elementor-1688\" data-elementor-settings=\"{&quot;ha_cmc_init_switcher&quot;:&quot;no&quot;}\" data-elementor-post-type=\"page\">\n\t\t\t\t<div class=\"elementor-element elementor-element-5f14479 e-flex e-con-boxed e-con e-parent\" data-id=\"5f14479\" data-element_type=\"container\" data-settings=\"{&quot;background_background&quot;:&quot;classic&quot;,&quot;_ha_eqh_enable&quot;:false}\">\n\t\t\t\t\t<div class=\"e-con-inner\">\n\t\t\t\t<div class=\"elementor-element elementor-element-f5bf4f5 elementor-widget elementor-widget-ha-page-title happy-addon ha-page-title\" data-id=\"f5bf4f5\" data-element_type=\"widget\" data-widget_type=\"ha-page-title.default\">\n\t\t\t\t<div class=\"elementor-widget-container\">\n\t\t\t\t\t<h1 class=\"ha-page-title elementor-size-default\">Verordnungen<\/h1>\t\t\t\t<\/div>\n\t\t\t\t<\/div>\n\t\t\t\t<div class=\"elementor-element elementor-element-c52b64d elementor-icon-list--layout-inline elementor-widget__width-auto elementor-list-item-link-full_width elementor-widget elementor-widget-icon-list\" data-id=\"c52b64d\" data-element_type=\"widget\" data-widget_type=\"icon-list.default\">\n\t\t\t\t<div class=\"elementor-widget-container\">\n\t\t\t\t\t\t\t<ul class=\"elementor-icon-list-items elementor-inline-items\">\n\t\t\t\t\t\t\t<li class=\"elementor-icon-list-item elementor-inline-item\">\n\t\t\t\t\t\t\t\t\t\t\t<a href=\"\/de\/\">\n\n\t\t\t\t\t\t\t\t\t\t\t<span class=\"elementor-icon-list-text\">Homepage<\/span>\n\t\t\t\t\t\t\t\t\t\t\t<\/a>\n\t\t\t\t\t\t\t\t\t<\/li>\n\t\t\t\t\t\t\t\t<li class=\"elementor-icon-list-item elementor-inline-item\">\n\t\t\t\t\t\t\t\t\t\t\t<span class=\"elementor-icon-list-icon\">\n\t\t\t\t\t\t\t<i aria-hidden=\"true\" class=\"fas fa-caret-right\"><\/i>\t\t\t\t\t\t<\/span>\n\t\t\t\t\t\t\t\t\t\t<span class=\"elementor-icon-list-text\">Verordnungen<\/span>\n\t\t\t\t\t\t\t\t\t<\/li>\n\t\t\t\t\t\t<\/ul>\n\t\t\t\t\t\t<\/div>\n\t\t\t\t<\/div>\n\t\t\t\t\t<\/div>\n\t\t\t\t<\/div>\n\t\t<div class=\"elementor-element elementor-element-7a3f250 e-flex e-con-boxed e-con e-parent\" data-id=\"7a3f250\" data-element_type=\"container\" data-settings=\"{&quot;_ha_eqh_enable&quot;:false}\">\n\t\t\t\t\t<div class=\"e-con-inner\">\n\t\t\t\t<div class=\"elementor-element elementor-element-3a618e1 elementor-widget elementor-widget-text-editor\" data-id=\"3a618e1\" data-element_type=\"widget\" data-widget_type=\"text-editor.default\">\n\t\t\t\t<div class=\"elementor-widget-container\">\n\t\t\t\t\t\t\t\t\t<h4 class=\"vc_custom_heading\" style=\"text-align: center;\">Bedingungen und Konditionen MILO MARE APARTAMENTS<\/h4><p>Liebe Besucher!<\/p><p>Wir bitten Sie, sich mit der Hausordnung unserer Wohnungen vertraut zu machen.<\/p><ol><li>Die Regeln und Vorschriften gelten f\u00fcr alle Personen, die sich auf dem Gel\u00e4nde der Appartements Milo Mare aufhalten.<\/li><li>Der Aufenthalt in den Appartements Milo Mare beginnt um 15.00 Uhr am ersten Tag der Buchung und endet um 10.00 Uhr am letzten Tag. In besonderen F\u00e4llen ist es m\u00f6glich, andere An- und Abreisezeiten f\u00fcr die G\u00e4ste zu vereinbaren.<\/li><li>Die \u00dcbergabe und R\u00fcckgabe der Wohnung erfolgt in Anwesenheit einer autorisierten Person, die sich immer in der Wohnung aufh\u00e4lt.<\/li><li>Um eine Reservierung vorzunehmen, muss eine Anzahlung in H\u00f6he von 20% der f\u00e4lligen Geb\u00fchr per Bank\u00fcberweisung auf das angegebene Bankkonto geleistet werden. Wird die Anzahlung nicht innerhalb von drei Tagen nach einer telefonischen oder per E-Mail erfolgten Reservierung geleistet, wird die Reservierung storniert. Im Falle einer Stornierung 14 Tage vor dem Anreisedatum oder einer Verk\u00fcrzung des Aufenthalts ist die geleistete Anzahlung in den Betriebskosten enthalten und wird nicht zur\u00fcckerstattet. Der Restbetrag f\u00fcr den Aufenthalt muss sp\u00e4testens am Tag der Ankunft bezahlt werden.<\/li><li>Die M\u00f6glichkeit, die Stornierung durchzuf\u00fchren, ohne dass dem Gast eine finanzielle Belastung entsteht, besteht nur, wenn der Gast einen anderen Kunden f\u00fcr dieselbe Wohnung und zum selben Datum angibt.<\/li><li>Die Kunden sind verpflichtet, sofort nach ihrer Ankunft einzuchecken. Zur Best\u00e4tigung der Identit\u00e4t ist der Gast verpflichtet, ein Dokument mit einem Foto vorzulegen.<\/li><li>Klimageb\u00fchren in Kurorten und Badeorten, die durch einen Beschluss der Gemeindeverwaltung (Gemeinde Mielno) eingef\u00fchrt wurden, m\u00fcssen vom Kunden am Tag der Ankunft bezahlt werden.<\/li><li>Es besteht die M\u00f6glichkeit, f\u00fcr Ihren Aufenthalt in den Appartements Milo Mare eine Rechnung mit Mehrwertsteuer zu erhalten.<\/li><li>Der Kunde kann die Wohnung nicht auf andere Personen \u00fcbertragen, auch wenn der Zeitraum, f\u00fcr den er die f\u00e4llige Aufenthaltsgeb\u00fchr bezahlt hat, noch nicht abgelaufen ist.<\/li><li>Die Ausgangssperre gilt von 22.00 Uhr bis 6.00 Uhr morgens. Bitte verhalten Sie sich w\u00e4hrend der Ausgangssperre so, dass Sie andere G\u00e4ste nicht st\u00f6ren.<\/li><li>Besuche von nicht registrierten Personen in den Appartements Milo Mare m\u00fcssen im Voraus mit dem Eigent\u00fcmer vereinbart werden.<\/li><li>\u00a0Der Eigent\u00fcmer kann Personen, die w\u00e4hrend ihres Aufenthalts gegen die Ordnung und die Regeln der Einrichtung versto\u00dfen, die weitere Betreuung verweigern. In solchen F\u00e4llen kann er sie auffordern, die Einrichtung unverz\u00fcglich zu verlassen, ohne die f\u00fcr ihren Aufenthalt gezahlte Geb\u00fchr zu erstatten.<\/li><li>Die Eigent\u00fcmer der Anlage haften nicht f\u00fcr in den Wohnungen zur\u00fcckgelassene Wertsachen oder Geld sowie f\u00fcr den Verlust oder die Besch\u00e4digung eines Autos oder eines anderen Fahrzeugs, das einem Gast geh\u00f6rt.<\/li><li>Dla cel\u00f3w bezpiecze\u0144stwa i komfortu Go\u015bci w apartamentach Milo Mare obowi\u0105zuje ca\u0142kowity <strong>zakaz palenie papieros\u00f3w i wszelkich wyrob\u00f3w w tym papieros\u00f3w elektronicznych<\/strong> w apartamentach i innych pomieszczeniach obiektu Milo Mare Apartaments jest zabronione. Osoby pal\u0105ce, mog\u0105 pali\u0107 na zewn\u0105trz budynku.<br \/>Das Braten von Fisch ist in den Wohnungen streng verboten.<\/li><li>Der Gast tr\u00e4gt die volle finanzielle Verantwortung f\u00fcr jede Besch\u00e4digung oder Zerst\u00f6rung von Gegenst\u00e4nden, Einrichtungen und technischen Ger\u00e4ten der Appartements Milo Mare, die durch ihn oder seine Besucher verursacht werden. Im Falle eines Schadens ist das Personal der Appartements Milo Mare unverz\u00fcglich zu benachrichtigen.<\/li><li>\u00a0Aufgrund der Unbest\u00e4ndigkeit des Wetters und des Auftretens von starkem Wind bitten wir Sie, die Fenster w\u00e4hrend Ihrer Abwesenheit geschlossen zu halten. Au\u00dferdem bitten wir Sie, die Haust\u00fcr bei jedem Verlassen der Wohnung sorgf\u00e4ltig zu verschlie\u00dfen und Ihre Schl\u00fcssel sorgf\u00e4ltig und vor dem Zugriff Unbefugter gesch\u00fctzt aufzubewahren. Bei Verlust der Schl\u00fcssel werden dem Kunden Kosten in H\u00f6he von 100 PLN in Rechnung gestellt.<\/li><li>Sollten Sie w\u00e4hrend Ihres Aufenthaltes mit der Qualit\u00e4t des Services unzufrieden sein oder aus einem anderen Grund, der vom Personal der Milo Mare Apartaments abh\u00e4ngt, bitten wir Sie, dies sofort zu melden, damit wir das Problem l\u00f6sen k\u00f6nnen.<\/li><li>Pers\u00f6nliche Gegenst\u00e4nde, die der abreisende Gast in der Wohnung zur\u00fcckl\u00e4sst, werden auf Kosten des Kunden an die angegebene Adresse zur\u00fcckgeschickt. Erfolgt keine solche Anweisung, werden die Gegenst\u00e4nde 1 Monat lang aufbewahrt.<\/li><li>Von Juni bis August werden nur Buchungen f\u00fcr mindestens 5-6 N\u00e4chte angenommen.<\/li><li>Wir geben keine Informationen \u00fcber die pers\u00f6nlichen Daten unserer G\u00e4ste an Au\u00dfenstehende weiter.<\/li><li>Eine Buchung ist gleichbedeutend mit der Annahme der vorliegenden Bedingungen und Konditionen.<\/li><li>F\u00fcr Familien mit Kindern stehen ein Reisebett und ein St\u00e4nder zum F\u00fcttern zur Verf\u00fcgung.<\/li><li>Wir akzeptieren keine Haustiere.<\/li><\/ol><p>\u017byczymy Pa\u0144stwu mi\u0142ego pobytu w naszych apartamentach.<\/p>\t\t\t\t\t\t\t\t<\/div>\n\t\t\t\t<\/div>\n\t\t\t\t\t<\/div>\n\t\t\t\t<\/div>\n\t\t\t\t<\/div>","protected":false},"excerpt":{"rendered":"<p>Regulamin Strona g\u0142\u00f3wna Regulamin Regulamin MILO MARE APARTAMENTS Szanowni Go\u015bcie ! Uprzejmie prosimy o zapoznanie si\u0119 z zasadami obowi\u0105zuj\u0105cymi w naszych apartamentach. Regulamin obowi\u0105zuje wszystkie osoby przebywaj\u0105ce na terenie obiektu Milo Mare Apartaments. Pobyt w Apartamentach Milo Mare Apartaments rozpoczyna si\u0119 o godzinie 15.00 pierwszego dnia rezerwacji, a ko\u0144czy o godzinie 10.00 dnia ostatniego. W [&hellip;]<\/p>","protected":false},"author":1,"featured_media":0,"parent":0,"menu_order":0,"comment_status":"closed","ping_status":"closed","template":"elementor_header_footer","meta":{"_acf_changed":false,"footnotes":""},"class_list":["post-1688","page","type-page","status-publish","hentry"],"acf":[],"yoast_head":"<!-- This site is optimized with the Yoast SEO plugin v24.1 - https:\/\/yoast.com\/wordpress\/plugins\/seo\/ -->\n<title>Regulamin - Milo Mare<\/title>\n<meta name=\"robots\" content=\"index, follow, max-snippet:-1, max-image-preview:large, max-video-preview:-1\" \/>\n<link rel=\"canonical\" href=\"https:\/\/milomare.eu\/de\/regulamin\/\" \/>\n<meta property=\"og:locale\" content=\"de_DE\" \/>\n<meta property=\"og:type\" content=\"article\" \/>\n<meta property=\"og:title\" content=\"Regulamin - Milo Mare\" \/>\n<meta property=\"og:description\" content=\"Regulamin Strona g\u0142\u00f3wna Regulamin Regulamin MILO MARE APARTAMENTS Szanowni Go\u015bcie ! Uprzejmie prosimy o zapoznanie si\u0119 z zasadami obowi\u0105zuj\u0105cymi w naszych apartamentach. Regulamin obowi\u0105zuje wszystkie osoby przebywaj\u0105ce na terenie obiektu Milo Mare Apartaments. Pobyt w Apartamentach Milo Mare Apartaments rozpoczyna si\u0119 o godzinie 15.00 pierwszego dnia rezerwacji, a ko\u0144czy o godzinie 10.00 dnia ostatniego. W [&hellip;]\" \/>\n<meta property=\"og:url\" content=\"https:\/\/milomare.eu\/de\/regulamin\/\" \/>\n<meta property=\"og:site_name\" content=\"Milo Mare\" \/>\n<meta property=\"article:publisher\" content=\"https:\/\/www.facebook.com\/profile.php?id=100062938195148\" \/>\n<meta property=\"article:modified_time\" content=\"2023-11-25T09:45:49+00:00\" \/>\n<meta name=\"twitter:card\" content=\"summary_large_image\" \/>\n<meta name=\"twitter:label1\" content=\"Gesch\u00e4tzte Lesezeit\" \/>\n\t<meta name=\"twitter:data1\" content=\"4 Minuten\" \/>\n<script type=\"application\/ld+json\" class=\"yoast-schema-graph\">{\"@context\":\"https:\/\/schema.org\",\"@graph\":[{\"@type\":\"WebPage\",\"@id\":\"https:\/\/milomare.eu\/regulamin\/\",\"url\":\"https:\/\/milomare.eu\/regulamin\/\",\"name\":\"Regulamin - Milo Mare\",\"isPartOf\":{\"@id\":\"https:\/\/milomare.eu\/#website\"},\"datePublished\":\"2022-10-29T12:25:45+00:00\",\"dateModified\":\"2023-11-25T09:45:49+00:00\",\"breadcrumb\":{\"@id\":\"https:\/\/milomare.eu\/regulamin\/#breadcrumb\"},\"inLanguage\":\"de\",\"potentialAction\":[{\"@type\":\"ReadAction\",\"target\":[\"https:\/\/milomare.eu\/regulamin\/\"]}]},{\"@type\":\"BreadcrumbList\",\"@id\":\"https:\/\/milomare.eu\/regulamin\/#breadcrumb\",\"itemListElement\":[{\"@type\":\"ListItem\",\"position\":1,\"name\":\"Strona g\u0142\u00f3wna\",\"item\":\"https:\/\/milomare.eu\/\"},{\"@type\":\"ListItem\",\"position\":2,\"name\":\"Regulamin\"}]},{\"@type\":\"WebSite\",\"@id\":\"https:\/\/milomare.eu\/#website\",\"url\":\"https:\/\/milomare.eu\/\",\"name\":\"Milo Mare\",\"description\":\"Komfortowe apartamenty nad morzem\",\"publisher\":{\"@id\":\"https:\/\/milomare.eu\/#organization\"},\"potentialAction\":[{\"@type\":\"SearchAction\",\"target\":{\"@type\":\"EntryPoint\",\"urlTemplate\":\"https:\/\/milomare.eu\/?s={search_term_string}\"},\"query-input\":{\"@type\":\"PropertyValueSpecification\",\"valueRequired\":true,\"valueName\":\"search_term_string\"}}],\"inLanguage\":\"de\"},{\"@type\":\"Organization\",\"@id\":\"https:\/\/milomare.eu\/#organization\",\"name\":\"Milo Mare\",\"url\":\"https:\/\/milomare.eu\/\",\"logo\":{\"@type\":\"ImageObject\",\"inLanguage\":\"de\",\"@id\":\"https:\/\/milomare.eu\/#\/schema\/logo\/image\/\",\"url\":\"https:\/\/milomare.eu\/wp-content\/uploads\/2022\/10\/milo-mare.svg\",\"contentUrl\":\"https:\/\/milomare.eu\/wp-content\/uploads\/2022\/10\/milo-mare.svg\",\"width\":500,\"height\":500,\"caption\":\"Milo Mare\"},\"image\":{\"@id\":\"https:\/\/milomare.eu\/#\/schema\/logo\/image\/\"},\"sameAs\":[\"https:\/\/www.facebook.com\/profile.php?id=100062938195148\"]}]}<\/script>\n<!-- \/ Yoast SEO plugin. -->","yoast_head_json":{"title":"Regulamin - Milo Mare","robots":{"index":"index","follow":"follow","max-snippet":"max-snippet:-1","max-image-preview":"max-image-preview:large","max-video-preview":"max-video-preview:-1"},"canonical":"https:\/\/milomare.eu\/de\/regulamin\/","og_locale":"de_DE","og_type":"article","og_title":"Regulamin - Milo Mare","og_description":"Regulamin Strona g\u0142\u00f3wna Regulamin Regulamin MILO MARE APARTAMENTS Szanowni Go\u015bcie ! Uprzejmie prosimy o zapoznanie si\u0119 z zasadami obowi\u0105zuj\u0105cymi w naszych apartamentach. Regulamin obowi\u0105zuje wszystkie osoby przebywaj\u0105ce na terenie obiektu Milo Mare Apartaments. Pobyt w Apartamentach Milo Mare Apartaments rozpoczyna si\u0119 o godzinie 15.00 pierwszego dnia rezerwacji, a ko\u0144czy o godzinie 10.00 dnia ostatniego. W [&hellip;]","og_url":"https:\/\/milomare.eu\/de\/regulamin\/","og_site_name":"Milo Mare","article_publisher":"https:\/\/www.facebook.com\/profile.php?id=100062938195148","article_modified_time":"2023-11-25T09:45:49+00:00","twitter_card":"summary_large_image","twitter_misc":{"Gesch\u00e4tzte Lesezeit":"4 Minuten"},"schema":{"@context":"https:\/\/schema.org","@graph":[{"@type":"WebPage","@id":"https:\/\/milomare.eu\/regulamin\/","url":"https:\/\/milomare.eu\/regulamin\/","name":"Regulamin - Milo Mare","isPartOf":{"@id":"https:\/\/milomare.eu\/#website"},"datePublished":"2022-10-29T12:25:45+00:00","dateModified":"2023-11-25T09:45:49+00:00","breadcrumb":{"@id":"https:\/\/milomare.eu\/regulamin\/#breadcrumb"},"inLanguage":"de","potentialAction":[{"@type":"ReadAction","target":["https:\/\/milomare.eu\/regulamin\/"]}]},{"@type":"BreadcrumbList","@id":"https:\/\/milomare.eu\/regulamin\/#breadcrumb","itemListElement":[{"@type":"ListItem","position":1,"name":"Strona g\u0142\u00f3wna","item":"https:\/\/milomare.eu\/"},{"@type":"ListItem","position":2,"name":"Regulamin"}]},{"@type":"WebSite","@id":"https:\/\/milomare.eu\/#website","url":"https:\/\/milomare.eu\/","name":"Milo Mare","description":"Komfortowe apartamenty nad morzem","publisher":{"@id":"https:\/\/milomare.eu\/#organization"},"potentialAction":[{"@type":"SearchAction","target":{"@type":"EntryPoint","urlTemplate":"https:\/\/milomare.eu\/?s={search_term_string}"},"query-input":{"@type":"PropertyValueSpecification","valueRequired":true,"valueName":"search_term_string"}}],"inLanguage":"de"},{"@type":"Organization","@id":"https:\/\/milomare.eu\/#organization","name":"Milo Mare","url":"https:\/\/milomare.eu\/","logo":{"@type":"ImageObject","inLanguage":"de","@id":"https:\/\/milomare.eu\/#\/schema\/logo\/image\/","url":"https:\/\/milomare.eu\/wp-content\/uploads\/2022\/10\/milo-mare.svg","contentUrl":"https:\/\/milomare.eu\/wp-content\/uploads\/2022\/10\/milo-mare.svg","width":500,"height":500,"caption":"Milo Mare"},"image":{"@id":"https:\/\/milomare.eu\/#\/schema\/logo\/image\/"},"sameAs":["https:\/\/www.facebook.com\/profile.php?id=100062938195148"]}]}},"_links":{"self":[{"href":"https:\/\/milomare.eu\/de\/wp-json\/wp\/v2\/pages\/1688","targetHints":{"allow":["GET"]}}],"collection":[{"href":"https:\/\/milomare.eu\/de\/wp-json\/wp\/v2\/pages"}],"about":[{"href":"https:\/\/milomare.eu\/de\/wp-json\/wp\/v2\/types\/page"}],"author":[{"embeddable":true,"href":"https:\/\/milomare.eu\/de\/wp-json\/wp\/v2\/users\/1"}],"replies":[{"embeddable":true,"href":"https:\/\/milomare.eu\/de\/wp-json\/wp\/v2\/comments?post=1688"}],"version-history":[{"count":49,"href":"https:\/\/milomare.eu\/de\/wp-json\/wp\/v2\/pages\/1688\/revisions"}],"predecessor-version":[{"id":3543,"href":"https:\/\/milomare.eu\/de\/wp-json\/wp\/v2\/pages\/1688\/revisions\/3543"}],"wp:attachment":[{"href":"https:\/\/milomare.eu\/de\/wp-json\/wp\/v2\/media?parent=1688"}],"curies":[{"name":"wp","href":"https:\/\/api.w.org\/{rel}","templated":true}]}}