{"id":1688,"date":"2022-10-29T12:25:45","date_gmt":"2022-10-29T12:25:45","guid":{"rendered":"https:\/\/milomare.eu\/?page_id=1688"},"modified":"2023-11-25T09:45:49","modified_gmt":"2023-11-25T09:45:49","slug":"regulamin","status":"publish","type":"page","link":"http:\/\/milomare.eu\/en\/regulamin\/","title":{"rendered":"Regulations"},"content":{"rendered":"<div data-elementor-type=\"wp-page\" data-elementor-id=\"1688\" class=\"elementor elementor-1688\" data-elementor-settings=\"{&quot;ha_cmc_init_switcher&quot;:&quot;no&quot;}\" data-elementor-post-type=\"page\">\n\t\t\t\t<div class=\"elementor-element elementor-element-5f14479 e-flex e-con-boxed e-con e-parent\" data-id=\"5f14479\" data-element_type=\"container\" data-settings=\"{&quot;background_background&quot;:&quot;classic&quot;,&quot;_ha_eqh_enable&quot;:false}\">\n\t\t\t\t\t<div class=\"e-con-inner\">\n\t\t\t\t<div class=\"elementor-element elementor-element-f5bf4f5 elementor-widget elementor-widget-ha-page-title happy-addon ha-page-title\" data-id=\"f5bf4f5\" data-element_type=\"widget\" data-widget_type=\"ha-page-title.default\">\n\t\t\t\t<div class=\"elementor-widget-container\">\n\t\t\t\t\t<h1 class=\"ha-page-title elementor-size-default\">Regulations<\/h1>\t\t\t\t<\/div>\n\t\t\t\t<\/div>\n\t\t\t\t<div class=\"elementor-element elementor-element-c52b64d elementor-icon-list--layout-inline elementor-widget__width-auto elementor-list-item-link-full_width elementor-widget elementor-widget-icon-list\" data-id=\"c52b64d\" data-element_type=\"widget\" data-widget_type=\"icon-list.default\">\n\t\t\t\t<div class=\"elementor-widget-container\">\n\t\t\t\t\t\t\t<ul class=\"elementor-icon-list-items elementor-inline-items\">\n\t\t\t\t\t\t\t<li class=\"elementor-icon-list-item elementor-inline-item\">\n\t\t\t\t\t\t\t\t\t\t\t<a href=\"\/en\/\">\n\n\t\t\t\t\t\t\t\t\t\t\t<span class=\"elementor-icon-list-text\">Homepage<\/span>\n\t\t\t\t\t\t\t\t\t\t\t<\/a>\n\t\t\t\t\t\t\t\t\t<\/li>\n\t\t\t\t\t\t\t\t<li class=\"elementor-icon-list-item elementor-inline-item\">\n\t\t\t\t\t\t\t\t\t\t\t<span class=\"elementor-icon-list-icon\">\n\t\t\t\t\t\t\t<i aria-hidden=\"true\" class=\"fas fa-caret-right\"><\/i>\t\t\t\t\t\t<\/span>\n\t\t\t\t\t\t\t\t\t\t<span class=\"elementor-icon-list-text\">Regulations<\/span>\n\t\t\t\t\t\t\t\t\t<\/li>\n\t\t\t\t\t\t<\/ul>\n\t\t\t\t\t\t<\/div>\n\t\t\t\t<\/div>\n\t\t\t\t\t<\/div>\n\t\t\t\t<\/div>\n\t\t<div class=\"elementor-element elementor-element-7a3f250 e-flex e-con-boxed e-con e-parent\" data-id=\"7a3f250\" data-element_type=\"container\" data-settings=\"{&quot;_ha_eqh_enable&quot;:false}\">\n\t\t\t\t\t<div class=\"e-con-inner\">\n\t\t\t\t<div class=\"elementor-element elementor-element-3a618e1 elementor-widget elementor-widget-text-editor\" data-id=\"3a618e1\" data-element_type=\"widget\" data-widget_type=\"text-editor.default\">\n\t\t\t\t<div class=\"elementor-widget-container\">\n\t\t\t\t\t\t\t\t\t<h4 class=\"vc_custom_heading\" style=\"text-align: center;\">Terms and conditions MILO MARE APARTAMENTS<\/h4><p>Dear visitors !<\/p><p>We kindly ask you to familiarise yourself with the rules of our flats.<\/p><ol><li>The rules and regulations apply to all persons staying on the premises of Milo Mare Apartaments.<\/li><li>The stay at Milo Mare Apartaments starts at 15.00 on the first day of booking and ends at 10.00 on the last day. In special cases it is possible to arrange other arrival and departure times for Guests.<\/li><li>Handover and return of the flat takes place in the presence of an authorised person , always in the flat.<\/li><li>In order to make a reservation, a deposit, amounting to 20% of the fee due, must be paid by bank transfer to the bank account indicated. Failure to pay the deposit within three days of a telephone or e-mail reservation will result in cancellation of the reservation. In the event of cancellation 14 days before the arrival date or shortening the stay, the deposit paid is included in the operating costs and is non-refundable. The remaining amount due for the stay must be paid no later than on the day of arrival.<\/li><li>The possibility of carrying out the cancellation without the Guest incurring a financial charge only exists if the Guest indicates another Client for the same flat and on the same date.<\/li><li>Clients are required to check in immediately upon arrival. In order to confirm identity - the Guest is obliged to show a document with a photograph.<\/li><li>Climatic fees in health resorts, seaside resorts, introduced by a decision of the municipal authorities (Mielno municipality) must be paid by the client on the day of arrival.<\/li><li>It is possible to receive a VAT invoice for your stay at Milo Mare Apartaments.<\/li><li>The client may not transfer the flat to other persons, even if the period for which he or she has paid the due stay fee has not expired.<\/li><li>Curfew is in force from 10 p.m. to 6 a.m. . During the curfew please behave in such a way as not to disturb other Guests.<\/li><li>Visits by non-registered persons to Milo Mare Apartaments must be arranged in advance with the owner.<\/li><li>\u00a0The owner may refuse to provide further services to persons who violate the order and rules of the facility while staying there. In such situations, he may require them to leave immediately without refunding the fee paid for their stay.<\/li><li>The owners of the facility are not responsible for any valuables or money left in the flats, or for loss or damage to a car or other vehicle belonging to a Guest.<\/li><li>Dla cel\u00f3w bezpiecze\u0144stwa i komfortu Go\u015bci w apartamentach Milo Mare obowi\u0105zuje ca\u0142kowity <strong>zakaz palenie papieros\u00f3w i wszelkich wyrob\u00f3w w tym papieros\u00f3w elektronicznych<\/strong> w apartamentach i innych pomieszczeniach obiektu Milo Mare Apartaments jest zabronione. Osoby pal\u0105ce, mog\u0105 pali\u0107 na zewn\u0105trz budynku.<br \/>Fish frying is strictly prohibited in the flats.<\/li><li>The guest bears full financial responsibility for any damage or destruction of objects, equipment and technical devices of Milo Mare Apartaments caused by him or his visitors. In the event of damage, the Milo Mare Apartaments facility staff must be notified immediately.<\/li><li>\u00a0Due to the changeability of the weather and the occurrence of strong winds, we ask you to keep the windows closed while you are away. In addition, we ask you to carefully lock the front door each time you leave the flat and to carefully store your keys without access by unauthorised persons. The loss of keys will result in the Client incurring costs in the amount of PLN 100.<\/li><li>If, during your stay, you are dissatisfied with the quality of service or for any other reason dependent on the Milo Mare Apartaments staff, please report this immediately so that we can resolve the problem.<\/li><li>Personal belongings left by the departing Guest in the flat will be sent back to the indicated address at the Client's expense. If no such instruction is received, the items will be stored for a period of 1 month.<\/li><li>During June - August, bookings are only accepted for a minimum of 5-6 nights.<\/li><li>We do not provide any information about our guests' personal data to outsiders.<\/li><li>Making a booking is tantamount to accepting these terms and conditions.<\/li><li>For families with children, a travel cot and feeding stand are available for hire.<\/li><li>We do not accept pets.<\/li><\/ol><p>\u017byczymy Pa\u0144stwu mi\u0142ego pobytu w naszych apartamentach.<\/p>\t\t\t\t\t\t\t\t<\/div>\n\t\t\t\t<\/div>\n\t\t\t\t\t<\/div>\n\t\t\t\t<\/div>\n\t\t\t\t<\/div>","protected":false},"excerpt":{"rendered":"<p>Regulamin Strona g\u0142\u00f3wna Regulamin Regulamin MILO MARE APARTAMENTS Szanowni Go\u015bcie ! Uprzejmie prosimy o zapoznanie si\u0119 z zasadami obowi\u0105zuj\u0105cymi w naszych apartamentach. Regulamin obowi\u0105zuje wszystkie osoby przebywaj\u0105ce na terenie obiektu Milo Mare Apartaments. Pobyt w Apartamentach Milo Mare Apartaments rozpoczyna si\u0119 o godzinie 15.00 pierwszego dnia rezerwacji, a ko\u0144czy o godzinie 10.00 dnia ostatniego. W [&hellip;]<\/p>","protected":false},"author":1,"featured_media":0,"parent":0,"menu_order":0,"comment_status":"closed","ping_status":"closed","template":"elementor_header_footer","meta":{"_acf_changed":false,"footnotes":""},"class_list":["post-1688","page","type-page","status-publish","hentry"],"acf":[],"yoast_head":"<!-- This site is optimized with the Yoast SEO plugin v24.1 - https:\/\/yoast.com\/wordpress\/plugins\/seo\/ -->\n<title>Regulamin - Milo Mare<\/title>\n<meta name=\"robots\" content=\"index, follow, max-snippet:-1, max-image-preview:large, max-video-preview:-1\" \/>\n<link rel=\"canonical\" href=\"http:\/\/milomare.eu\/en\/regulamin\/\" \/>\n<meta property=\"og:locale\" content=\"en_GB\" \/>\n<meta property=\"og:type\" content=\"article\" \/>\n<meta property=\"og:title\" content=\"Regulamin - Milo Mare\" \/>\n<meta property=\"og:description\" content=\"Regulamin Strona g\u0142\u00f3wna Regulamin Regulamin MILO MARE APARTAMENTS Szanowni Go\u015bcie ! Uprzejmie prosimy o zapoznanie si\u0119 z zasadami obowi\u0105zuj\u0105cymi w naszych apartamentach. Regulamin obowi\u0105zuje wszystkie osoby przebywaj\u0105ce na terenie obiektu Milo Mare Apartaments. Pobyt w Apartamentach Milo Mare Apartaments rozpoczyna si\u0119 o godzinie 15.00 pierwszego dnia rezerwacji, a ko\u0144czy o godzinie 10.00 dnia ostatniego. W [&hellip;]\" \/>\n<meta property=\"og:url\" content=\"http:\/\/milomare.eu\/en\/regulamin\/\" \/>\n<meta property=\"og:site_name\" content=\"Milo Mare\" \/>\n<meta property=\"article:publisher\" content=\"https:\/\/www.facebook.com\/profile.php?id=100062938195148\" \/>\n<meta property=\"article:modified_time\" content=\"2023-11-25T09:45:49+00:00\" \/>\n<meta name=\"twitter:card\" content=\"summary_large_image\" \/>\n<meta name=\"twitter:label1\" content=\"Estimated reading time\" \/>\n\t<meta name=\"twitter:data1\" content=\"4 minutes\" \/>\n<script type=\"application\/ld+json\" class=\"yoast-schema-graph\">{\"@context\":\"https:\/\/schema.org\",\"@graph\":[{\"@type\":\"WebPage\",\"@id\":\"https:\/\/milomare.eu\/regulamin\/\",\"url\":\"https:\/\/milomare.eu\/regulamin\/\",\"name\":\"Regulamin - Milo Mare\",\"isPartOf\":{\"@id\":\"https:\/\/milomare.eu\/#website\"},\"datePublished\":\"2022-10-29T12:25:45+00:00\",\"dateModified\":\"2023-11-25T09:45:49+00:00\",\"breadcrumb\":{\"@id\":\"https:\/\/milomare.eu\/regulamin\/#breadcrumb\"},\"inLanguage\":\"en-GB\",\"potentialAction\":[{\"@type\":\"ReadAction\",\"target\":[\"https:\/\/milomare.eu\/regulamin\/\"]}]},{\"@type\":\"BreadcrumbList\",\"@id\":\"https:\/\/milomare.eu\/regulamin\/#breadcrumb\",\"itemListElement\":[{\"@type\":\"ListItem\",\"position\":1,\"name\":\"Strona g\u0142\u00f3wna\",\"item\":\"https:\/\/milomare.eu\/\"},{\"@type\":\"ListItem\",\"position\":2,\"name\":\"Regulamin\"}]},{\"@type\":\"WebSite\",\"@id\":\"https:\/\/milomare.eu\/#website\",\"url\":\"https:\/\/milomare.eu\/\",\"name\":\"Milo Mare\",\"description\":\"Komfortowe apartamenty nad morzem\",\"publisher\":{\"@id\":\"https:\/\/milomare.eu\/#organization\"},\"potentialAction\":[{\"@type\":\"SearchAction\",\"target\":{\"@type\":\"EntryPoint\",\"urlTemplate\":\"https:\/\/milomare.eu\/?s={search_term_string}\"},\"query-input\":{\"@type\":\"PropertyValueSpecification\",\"valueRequired\":true,\"valueName\":\"search_term_string\"}}],\"inLanguage\":\"en-GB\"},{\"@type\":\"Organization\",\"@id\":\"https:\/\/milomare.eu\/#organization\",\"name\":\"Milo Mare\",\"url\":\"https:\/\/milomare.eu\/\",\"logo\":{\"@type\":\"ImageObject\",\"inLanguage\":\"en-GB\",\"@id\":\"https:\/\/milomare.eu\/#\/schema\/logo\/image\/\",\"url\":\"https:\/\/milomare.eu\/wp-content\/uploads\/2022\/10\/milo-mare.svg\",\"contentUrl\":\"https:\/\/milomare.eu\/wp-content\/uploads\/2022\/10\/milo-mare.svg\",\"width\":500,\"height\":500,\"caption\":\"Milo Mare\"},\"image\":{\"@id\":\"https:\/\/milomare.eu\/#\/schema\/logo\/image\/\"},\"sameAs\":[\"https:\/\/www.facebook.com\/profile.php?id=100062938195148\"]}]}<\/script>\n<!-- \/ Yoast SEO plugin. -->","yoast_head_json":{"title":"Regulamin - Milo Mare","robots":{"index":"index","follow":"follow","max-snippet":"max-snippet:-1","max-image-preview":"max-image-preview:large","max-video-preview":"max-video-preview:-1"},"canonical":"http:\/\/milomare.eu\/en\/regulamin\/","og_locale":"en_GB","og_type":"article","og_title":"Regulamin - Milo Mare","og_description":"Regulamin Strona g\u0142\u00f3wna Regulamin Regulamin MILO MARE APARTAMENTS Szanowni Go\u015bcie ! Uprzejmie prosimy o zapoznanie si\u0119 z zasadami obowi\u0105zuj\u0105cymi w naszych apartamentach. Regulamin obowi\u0105zuje wszystkie osoby przebywaj\u0105ce na terenie obiektu Milo Mare Apartaments. Pobyt w Apartamentach Milo Mare Apartaments rozpoczyna si\u0119 o godzinie 15.00 pierwszego dnia rezerwacji, a ko\u0144czy o godzinie 10.00 dnia ostatniego. W [&hellip;]","og_url":"http:\/\/milomare.eu\/en\/regulamin\/","og_site_name":"Milo Mare","article_publisher":"https:\/\/www.facebook.com\/profile.php?id=100062938195148","article_modified_time":"2023-11-25T09:45:49+00:00","twitter_card":"summary_large_image","twitter_misc":{"Estimated reading time":"4 minutes"},"schema":{"@context":"https:\/\/schema.org","@graph":[{"@type":"WebPage","@id":"https:\/\/milomare.eu\/regulamin\/","url":"https:\/\/milomare.eu\/regulamin\/","name":"Regulamin - Milo Mare","isPartOf":{"@id":"https:\/\/milomare.eu\/#website"},"datePublished":"2022-10-29T12:25:45+00:00","dateModified":"2023-11-25T09:45:49+00:00","breadcrumb":{"@id":"https:\/\/milomare.eu\/regulamin\/#breadcrumb"},"inLanguage":"en-GB","potentialAction":[{"@type":"ReadAction","target":["https:\/\/milomare.eu\/regulamin\/"]}]},{"@type":"BreadcrumbList","@id":"https:\/\/milomare.eu\/regulamin\/#breadcrumb","itemListElement":[{"@type":"ListItem","position":1,"name":"Strona g\u0142\u00f3wna","item":"https:\/\/milomare.eu\/"},{"@type":"ListItem","position":2,"name":"Regulamin"}]},{"@type":"WebSite","@id":"https:\/\/milomare.eu\/#website","url":"https:\/\/milomare.eu\/","name":"Milo Mare","description":"Komfortowe apartamenty nad morzem","publisher":{"@id":"https:\/\/milomare.eu\/#organization"},"potentialAction":[{"@type":"SearchAction","target":{"@type":"EntryPoint","urlTemplate":"https:\/\/milomare.eu\/?s={search_term_string}"},"query-input":{"@type":"PropertyValueSpecification","valueRequired":true,"valueName":"search_term_string"}}],"inLanguage":"en-GB"},{"@type":"Organization","@id":"https:\/\/milomare.eu\/#organization","name":"Milo Mare","url":"https:\/\/milomare.eu\/","logo":{"@type":"ImageObject","inLanguage":"en-GB","@id":"https:\/\/milomare.eu\/#\/schema\/logo\/image\/","url":"https:\/\/milomare.eu\/wp-content\/uploads\/2022\/10\/milo-mare.svg","contentUrl":"https:\/\/milomare.eu\/wp-content\/uploads\/2022\/10\/milo-mare.svg","width":500,"height":500,"caption":"Milo Mare"},"image":{"@id":"https:\/\/milomare.eu\/#\/schema\/logo\/image\/"},"sameAs":["https:\/\/www.facebook.com\/profile.php?id=100062938195148"]}]}},"_links":{"self":[{"href":"http:\/\/milomare.eu\/en\/wp-json\/wp\/v2\/pages\/1688","targetHints":{"allow":["GET"]}}],"collection":[{"href":"http:\/\/milomare.eu\/en\/wp-json\/wp\/v2\/pages"}],"about":[{"href":"http:\/\/milomare.eu\/en\/wp-json\/wp\/v2\/types\/page"}],"author":[{"embeddable":true,"href":"http:\/\/milomare.eu\/en\/wp-json\/wp\/v2\/users\/1"}],"replies":[{"embeddable":true,"href":"http:\/\/milomare.eu\/en\/wp-json\/wp\/v2\/comments?post=1688"}],"version-history":[{"count":49,"href":"http:\/\/milomare.eu\/en\/wp-json\/wp\/v2\/pages\/1688\/revisions"}],"predecessor-version":[{"id":3543,"href":"http:\/\/milomare.eu\/en\/wp-json\/wp\/v2\/pages\/1688\/revisions\/3543"}],"wp:attachment":[{"href":"http:\/\/milomare.eu\/en\/wp-json\/wp\/v2\/media?parent=1688"}],"curies":[{"name":"wp","href":"https:\/\/api.w.org\/{rel}","templated":true}]}}