{"id":1688,"date":"2022-10-29T12:25:45","date_gmt":"2022-10-29T12:25:45","guid":{"rendered":"https:\/\/milomare.eu\/?page_id=1688"},"modified":"2023-11-25T09:45:49","modified_gmt":"2023-11-25T09:45:49","slug":"regulamin","status":"publish","type":"page","link":"http:\/\/milomare.eu\/cs\/regulamin\/","title":{"rendered":"P\u0159edpisy"},"content":{"rendered":"<div data-elementor-type=\"wp-page\" data-elementor-id=\"1688\" class=\"elementor elementor-1688\" data-elementor-settings=\"{&quot;ha_cmc_init_switcher&quot;:&quot;no&quot;}\" data-elementor-post-type=\"page\">\n\t\t\t\t<div class=\"elementor-element elementor-element-5f14479 e-flex e-con-boxed e-con e-parent\" data-id=\"5f14479\" data-element_type=\"container\" data-settings=\"{&quot;background_background&quot;:&quot;classic&quot;,&quot;_ha_eqh_enable&quot;:false}\">\n\t\t\t\t\t<div class=\"e-con-inner\">\n\t\t\t\t<div class=\"elementor-element elementor-element-f5bf4f5 elementor-widget elementor-widget-ha-page-title happy-addon ha-page-title\" data-id=\"f5bf4f5\" data-element_type=\"widget\" data-widget_type=\"ha-page-title.default\">\n\t\t\t\t<div class=\"elementor-widget-container\">\n\t\t\t\t\t<h1 class=\"ha-page-title elementor-size-default\">P\u0159edpisy<\/h1>\t\t\t\t<\/div>\n\t\t\t\t<\/div>\n\t\t\t\t<div class=\"elementor-element elementor-element-c52b64d elementor-icon-list--layout-inline elementor-widget__width-auto elementor-list-item-link-full_width elementor-widget elementor-widget-icon-list\" data-id=\"c52b64d\" data-element_type=\"widget\" data-widget_type=\"icon-list.default\">\n\t\t\t\t<div class=\"elementor-widget-container\">\n\t\t\t\t\t\t\t<ul class=\"elementor-icon-list-items elementor-inline-items\">\n\t\t\t\t\t\t\t<li class=\"elementor-icon-list-item elementor-inline-item\">\n\t\t\t\t\t\t\t\t\t\t\t<a href=\"\/cs\/\">\n\n\t\t\t\t\t\t\t\t\t\t\t<span class=\"elementor-icon-list-text\">Domovsk\u00e1 str\u00e1nka<\/span>\n\t\t\t\t\t\t\t\t\t\t\t<\/a>\n\t\t\t\t\t\t\t\t\t<\/li>\n\t\t\t\t\t\t\t\t<li class=\"elementor-icon-list-item elementor-inline-item\">\n\t\t\t\t\t\t\t\t\t\t\t<span class=\"elementor-icon-list-icon\">\n\t\t\t\t\t\t\t<i aria-hidden=\"true\" class=\"fas fa-caret-right\"><\/i>\t\t\t\t\t\t<\/span>\n\t\t\t\t\t\t\t\t\t\t<span class=\"elementor-icon-list-text\">P\u0159edpisy<\/span>\n\t\t\t\t\t\t\t\t\t<\/li>\n\t\t\t\t\t\t<\/ul>\n\t\t\t\t\t\t<\/div>\n\t\t\t\t<\/div>\n\t\t\t\t\t<\/div>\n\t\t\t\t<\/div>\n\t\t<div class=\"elementor-element elementor-element-7a3f250 e-flex e-con-boxed e-con e-parent\" data-id=\"7a3f250\" data-element_type=\"container\" data-settings=\"{&quot;_ha_eqh_enable&quot;:false}\">\n\t\t\t\t\t<div class=\"e-con-inner\">\n\t\t\t\t<div class=\"elementor-element elementor-element-3a618e1 elementor-widget elementor-widget-text-editor\" data-id=\"3a618e1\" data-element_type=\"widget\" data-widget_type=\"text-editor.default\">\n\t\t\t\t<div class=\"elementor-widget-container\">\n\t\t\t\t\t\t\t\t\t<h4 class=\"vc_custom_heading\" style=\"text-align: center;\">Regulamin MILO MARE APARTAMENTS<\/h4><p>Szanowni Go\u015bcie !<\/p><p>Uprzejmie prosimy o zapoznanie si\u0119 z zasadami obowi\u0105zuj\u0105cymi w naszych apartamentach.<\/p><ol><li>Regulamin obowi\u0105zuje wszystkie osoby przebywaj\u0105ce na terenie obiektu Milo Mare Apartaments.<\/li><li>Pobyt w Apartamentach Milo Mare Apartaments rozpoczyna si\u0119 o godzinie 15.00 pierwszego dnia rezerwacji, a ko\u0144czy o godzinie 10.00 dnia ostatniego. W szczeg\u00f3lnych przypadkach istnieje mo\u017cliwo\u015b\u0107 ustalenia innych godzin przyjazdu i wyjazdu Go\u015bci.<\/li><li>Przekazanie i zdanie apartamentu nast\u0119puje w obecno\u015bci osoby upowa\u017cnionej , zawsze w apartamencie.<\/li><li>W celu dokonania rezerwacji nale\u017cy wp\u0142aci\u0107 zadatek, w wysoko\u015bci 20% nale\u017cnej op\u0142aty, przelewem na wskazany rachunek bankowy. Niewp\u0142acenie zadatku w terminie trzech dni od telefonicznej lub e-mailowej rezerwacji skutkuje anulowaniem rezerwacji. W przypadku rezygnacji na 14 dni przed terminem przyjazdu lub skr\u00f3cenia pobytu wp\u0142acony zadatek zostaje zaliczony w koszty operacyjne i nie podlega zwrotowi. Pozosta\u0142\u0105 nale\u017cno\u015b\u0107 za pobyt nale\u017cy zap\u0142aci\u0107 najp\u00f3\u017aniej w dniu przyjazdu.<\/li><li>Mo\u017cliwo\u015b\u0107 przeprowadzenia anulowania rezerwacji bez ponoszenia przez Go\u015bcia obci\u0105\u017ce\u0144 finansowych istnieje jedynie w sytuacji, gdy Go\u015b\u0107 wska\u017ce innego Klienta na ten sam apartament i w tym samym terminie.<\/li><li>Klienci zobowi\u0105zani s\u0105 dokona\u0107 meldunku niezw\u0142ocznie po przyje\u017adzie. W celu potwierdzenia to\u017csamo\u015bci \u2013 Go\u015b\u0107 ma obowi\u0105zek okaza\u0107 dokument z fotografi\u0105.<\/li><li>Op\u0142aty klimatyczne w miejscowo\u015bciach uzdrowiskowych, nadmorskich, wprowadzone decyzj\u0105 w\u0142adz gminnych (gmina Mielno) musz\u0105 by\u0107 pokryte przez Klienta w dniu przyjazdu.<\/li><li>Za pobyt w Apartamentach Milo Mare Apartaments istnieje mo\u017cliwo\u015b\u0107 otrzymania faktury VAT.<\/li><li>Klient nie mo\u017ce przekaza\u0107 apartamentu innym osobom, nawet je\u015bli nie up\u0142yn\u0105\u0142 okres, za kt\u00f3ry ui\u015bci\u0142 nale\u017cn\u0105 op\u0142at\u0119 za pobyt.<\/li><li>Cisza nocna obowi\u0105zuje od godziny 22:00 do godziny 6:00 . W trakcie obowi\u0105zuj\u0105cej ciszy nocnej prosimy o takie zachowanie, by nie zak\u0142\u00f3ca\u0107 spokoju innych Go\u015bci.<\/li><li>Odwiedziny os\u00f3b niezameldowanych w Apartamentach Milo Mare Apartaments musz\u0105 by\u0107 wcze\u015bniej uzgodnione z w\u0142a\u015bcicielem.<\/li><li>\u00a0W\u0142a\u015bciciel mo\u017ce odm\u00f3wi\u0107 dalszego \u015bwiadczenia us\u0142ug osobom naruszaj\u0105cym porz\u0105dek i zasady regulaminu w trakcie przebywania na terenie obiektu. W takich sytuacjach mo\u017ce \u017c\u0105da\u0107 jego natychmiastowego opuszczenia bez zwrotu op\u0142aty uiszczonej za pobyt.<\/li><li>W\u0142a\u015bciciele obiektu nie ponosz\u0105 odpowiedzialno\u015bci za rzeczy warto\u015bciowe oraz pieni\u0105dze pozostawione w apartamentach, a tak\u017ce za utrat\u0119 lub uszkodzenie samochodu lub innego pojazdu nale\u017c\u0105cego do Go\u015bcia.<\/li><li>Dla cel\u00f3w bezpiecze\u0144stwa i komfortu Go\u015bci w apartamentach Milo Mare obowi\u0105zuje ca\u0142kowity <strong>zakaz palenie papieros\u00f3w i wszelkich wyrob\u00f3w w tym papieros\u00f3w elektronicznych<\/strong> w apartamentach i innych pomieszczeniach obiektu Milo Mare Apartaments jest zabronione. Osoby pal\u0105ce, mog\u0105 pali\u0107 na zewn\u0105trz budynku.<br \/>W apartamentach obowi\u0105zuje ca\u0142kowity zakaz sma\u017cenia ryb.<\/li><li>Go\u015b\u0107 ponosi pe\u0142n\u0105 odpowiedzialno\u015b\u0107 materialn\u0105 za wszelkiego rodzaju uszkodzenia lub zniszczenia przedmiot\u00f3w, wyposa\u017cenia i urz\u0105dze\u0144 technicznych Apartament\u00f3w Milo Mare Apartaments, powsta\u0142e z winy jego lub os\u00f3b odwiedzaj\u0105cych. W przypadku wyst\u0105pienia szkody, nale\u017cy niezw\u0142ocznie powiadomi\u0107 o niej personel obiektu Milo Mare Apartaments.<\/li><li>\u00a0Ze wzgl\u0119du na zmienno\u015b\u0107 aury i wyst\u0119powanie silnych wiatr\u00f3w, prosimy o zamykanie okien podczas Pa\u0144stwa nieobecno\u015bci. Ponadto prosimy o dok\u0142adne zamykanie drzwi wej\u015bciowych przy ka\u017cdorazowym opuszczaniu apartamentu oraz staranne przechowywanie kluczy bez dost\u0119pu do nich os\u00f3b postronnych. Utrata kluczy skutkuje poniesieniem koszt\u00f3w przez Klienta w kwocie 100 z\u0142.<\/li><li>Je\u017celi w czasie pobytu b\u0119d\u0105 Pa\u0144stwo niezadowoleni z jako\u015bci us\u0142ug lub z jakiegokolwiek innego powodu zale\u017cnego od personelu obiektu Milo Mare Apartaments, prosimy natychmiast ten fakt zg\u0142osi\u0107, aby\u015bmy mogli rozwi\u0105za\u0107 zaistnia\u0142y problem.<\/li><li>Przedmioty osobistego u\u017cytku pozostawione przez wyje\u017cd\u017caj\u0105cego Go\u015bcia w apartamencie b\u0119d\u0105 odes\u0142ane na wskazany adres na koszt Klienta. W przypadku nie otrzymania takiej dyspozycji, rzeczy przechowywane b\u0119d\u0105 przez okres 1 miesi\u0105ca.<\/li><li>W terminach czerwiec \u2013 sierpie\u0144 rezerwacje przyjmowane s\u0105 wy\u0142\u0105cznie na min 5-6 nocy.<\/li><li>Osobom postronnym nie udzielamy \u017cadnych informacji o danych osobowych naszych Go\u015bci.<\/li><li>Dokonanie rezerwacji jest jednoznaczne z akceptacj\u0105 niniejszego regulaminu.<\/li><li>Dla rodzin z dzie\u0107mi jest mo\u017cliwo\u015b\u0107 wypo\u017cyczenia \u0142\u00f3\u017ceczka turystycznego i stojaka do karmienia.<\/li><li>Nie akceptujemy zwierz\u0105t domowych.<\/li><\/ol><p>\u017byczymy Pa\u0144stwu mi\u0142ego pobytu w naszych apartamentach.<\/p>\t\t\t\t\t\t\t\t<\/div>\n\t\t\t\t<\/div>\n\t\t\t\t\t<\/div>\n\t\t\t\t<\/div>\n\t\t\t\t<\/div>","protected":false},"excerpt":{"rendered":"<p>Regulamin Strona g\u0142\u00f3wna Regulamin Regulamin MILO MARE APARTAMENTS Szanowni Go\u015bcie ! Uprzejmie prosimy o zapoznanie si\u0119 z zasadami obowi\u0105zuj\u0105cymi w naszych apartamentach. Regulamin obowi\u0105zuje wszystkie osoby przebywaj\u0105ce na terenie obiektu Milo Mare Apartaments. Pobyt w Apartamentach Milo Mare Apartaments rozpoczyna si\u0119 o godzinie 15.00 pierwszego dnia rezerwacji, a ko\u0144czy o godzinie 10.00 dnia ostatniego. W [&hellip;]<\/p>","protected":false},"author":1,"featured_media":0,"parent":0,"menu_order":0,"comment_status":"closed","ping_status":"closed","template":"elementor_header_footer","meta":{"_acf_changed":false,"footnotes":""},"class_list":["post-1688","page","type-page","status-publish","hentry"],"acf":[],"yoast_head":"<!-- This site is optimized with the Yoast SEO plugin v24.1 - https:\/\/yoast.com\/wordpress\/plugins\/seo\/ -->\n<title>Regulamin - Milo Mare<\/title>\n<meta name=\"robots\" content=\"index, follow, max-snippet:-1, max-image-preview:large, max-video-preview:-1\" \/>\n<link rel=\"canonical\" href=\"http:\/\/milomare.eu\/cs\/regulamin\/\" \/>\n<meta property=\"og:locale\" content=\"cs_CZ\" \/>\n<meta property=\"og:type\" content=\"article\" \/>\n<meta property=\"og:title\" content=\"Regulamin - Milo Mare\" \/>\n<meta property=\"og:description\" content=\"Regulamin Strona g\u0142\u00f3wna Regulamin Regulamin MILO MARE APARTAMENTS Szanowni Go\u015bcie ! Uprzejmie prosimy o zapoznanie si\u0119 z zasadami obowi\u0105zuj\u0105cymi w naszych apartamentach. Regulamin obowi\u0105zuje wszystkie osoby przebywaj\u0105ce na terenie obiektu Milo Mare Apartaments. Pobyt w Apartamentach Milo Mare Apartaments rozpoczyna si\u0119 o godzinie 15.00 pierwszego dnia rezerwacji, a ko\u0144czy o godzinie 10.00 dnia ostatniego. W [&hellip;]\" \/>\n<meta property=\"og:url\" content=\"http:\/\/milomare.eu\/cs\/regulamin\/\" \/>\n<meta property=\"og:site_name\" content=\"Milo Mare\" \/>\n<meta property=\"article:publisher\" content=\"https:\/\/www.facebook.com\/profile.php?id=100062938195148\" \/>\n<meta property=\"article:modified_time\" content=\"2023-11-25T09:45:49+00:00\" \/>\n<meta name=\"twitter:card\" content=\"summary_large_image\" \/>\n<meta name=\"twitter:label1\" content=\"Odhadovan\u00e1 doba \u010dten\u00ed\" \/>\n\t<meta name=\"twitter:data1\" content=\"4 minuty\" \/>\n<script type=\"application\/ld+json\" class=\"yoast-schema-graph\">{\"@context\":\"https:\/\/schema.org\",\"@graph\":[{\"@type\":\"WebPage\",\"@id\":\"https:\/\/milomare.eu\/regulamin\/\",\"url\":\"https:\/\/milomare.eu\/regulamin\/\",\"name\":\"Regulamin - Milo Mare\",\"isPartOf\":{\"@id\":\"https:\/\/milomare.eu\/#website\"},\"datePublished\":\"2022-10-29T12:25:45+00:00\",\"dateModified\":\"2023-11-25T09:45:49+00:00\",\"breadcrumb\":{\"@id\":\"https:\/\/milomare.eu\/regulamin\/#breadcrumb\"},\"inLanguage\":\"cs\",\"potentialAction\":[{\"@type\":\"ReadAction\",\"target\":[\"https:\/\/milomare.eu\/regulamin\/\"]}]},{\"@type\":\"BreadcrumbList\",\"@id\":\"https:\/\/milomare.eu\/regulamin\/#breadcrumb\",\"itemListElement\":[{\"@type\":\"ListItem\",\"position\":1,\"name\":\"Strona g\u0142\u00f3wna\",\"item\":\"https:\/\/milomare.eu\/\"},{\"@type\":\"ListItem\",\"position\":2,\"name\":\"Regulamin\"}]},{\"@type\":\"WebSite\",\"@id\":\"https:\/\/milomare.eu\/#website\",\"url\":\"https:\/\/milomare.eu\/\",\"name\":\"Milo Mare\",\"description\":\"Komfortowe apartamenty nad morzem\",\"publisher\":{\"@id\":\"https:\/\/milomare.eu\/#organization\"},\"potentialAction\":[{\"@type\":\"SearchAction\",\"target\":{\"@type\":\"EntryPoint\",\"urlTemplate\":\"https:\/\/milomare.eu\/?s={search_term_string}\"},\"query-input\":{\"@type\":\"PropertyValueSpecification\",\"valueRequired\":true,\"valueName\":\"search_term_string\"}}],\"inLanguage\":\"cs\"},{\"@type\":\"Organization\",\"@id\":\"https:\/\/milomare.eu\/#organization\",\"name\":\"Milo Mare\",\"url\":\"https:\/\/milomare.eu\/\",\"logo\":{\"@type\":\"ImageObject\",\"inLanguage\":\"cs\",\"@id\":\"https:\/\/milomare.eu\/#\/schema\/logo\/image\/\",\"url\":\"https:\/\/milomare.eu\/wp-content\/uploads\/2022\/10\/milo-mare.svg\",\"contentUrl\":\"https:\/\/milomare.eu\/wp-content\/uploads\/2022\/10\/milo-mare.svg\",\"width\":500,\"height\":500,\"caption\":\"Milo Mare\"},\"image\":{\"@id\":\"https:\/\/milomare.eu\/#\/schema\/logo\/image\/\"},\"sameAs\":[\"https:\/\/www.facebook.com\/profile.php?id=100062938195148\"]}]}<\/script>\n<!-- \/ Yoast SEO plugin. -->","yoast_head_json":{"title":"Regulamin - Milo Mare","robots":{"index":"index","follow":"follow","max-snippet":"max-snippet:-1","max-image-preview":"max-image-preview:large","max-video-preview":"max-video-preview:-1"},"canonical":"http:\/\/milomare.eu\/cs\/regulamin\/","og_locale":"cs_CZ","og_type":"article","og_title":"Regulamin - Milo Mare","og_description":"Regulamin Strona g\u0142\u00f3wna Regulamin Regulamin MILO MARE APARTAMENTS Szanowni Go\u015bcie ! Uprzejmie prosimy o zapoznanie si\u0119 z zasadami obowi\u0105zuj\u0105cymi w naszych apartamentach. Regulamin obowi\u0105zuje wszystkie osoby przebywaj\u0105ce na terenie obiektu Milo Mare Apartaments. Pobyt w Apartamentach Milo Mare Apartaments rozpoczyna si\u0119 o godzinie 15.00 pierwszego dnia rezerwacji, a ko\u0144czy o godzinie 10.00 dnia ostatniego. W [&hellip;]","og_url":"http:\/\/milomare.eu\/cs\/regulamin\/","og_site_name":"Milo Mare","article_publisher":"https:\/\/www.facebook.com\/profile.php?id=100062938195148","article_modified_time":"2023-11-25T09:45:49+00:00","twitter_card":"summary_large_image","twitter_misc":{"Odhadovan\u00e1 doba \u010dten\u00ed":"4 minuty"},"schema":{"@context":"https:\/\/schema.org","@graph":[{"@type":"WebPage","@id":"https:\/\/milomare.eu\/regulamin\/","url":"https:\/\/milomare.eu\/regulamin\/","name":"Regulamin - Milo Mare","isPartOf":{"@id":"https:\/\/milomare.eu\/#website"},"datePublished":"2022-10-29T12:25:45+00:00","dateModified":"2023-11-25T09:45:49+00:00","breadcrumb":{"@id":"https:\/\/milomare.eu\/regulamin\/#breadcrumb"},"inLanguage":"cs","potentialAction":[{"@type":"ReadAction","target":["https:\/\/milomare.eu\/regulamin\/"]}]},{"@type":"BreadcrumbList","@id":"https:\/\/milomare.eu\/regulamin\/#breadcrumb","itemListElement":[{"@type":"ListItem","position":1,"name":"Strona g\u0142\u00f3wna","item":"https:\/\/milomare.eu\/"},{"@type":"ListItem","position":2,"name":"Regulamin"}]},{"@type":"WebSite","@id":"https:\/\/milomare.eu\/#website","url":"https:\/\/milomare.eu\/","name":"Milo Mare","description":"Komfortowe apartamenty nad morzem","publisher":{"@id":"https:\/\/milomare.eu\/#organization"},"potentialAction":[{"@type":"SearchAction","target":{"@type":"EntryPoint","urlTemplate":"https:\/\/milomare.eu\/?s={search_term_string}"},"query-input":{"@type":"PropertyValueSpecification","valueRequired":true,"valueName":"search_term_string"}}],"inLanguage":"cs"},{"@type":"Organization","@id":"https:\/\/milomare.eu\/#organization","name":"Milo Mare","url":"https:\/\/milomare.eu\/","logo":{"@type":"ImageObject","inLanguage":"cs","@id":"https:\/\/milomare.eu\/#\/schema\/logo\/image\/","url":"https:\/\/milomare.eu\/wp-content\/uploads\/2022\/10\/milo-mare.svg","contentUrl":"https:\/\/milomare.eu\/wp-content\/uploads\/2022\/10\/milo-mare.svg","width":500,"height":500,"caption":"Milo Mare"},"image":{"@id":"https:\/\/milomare.eu\/#\/schema\/logo\/image\/"},"sameAs":["https:\/\/www.facebook.com\/profile.php?id=100062938195148"]}]}},"_links":{"self":[{"href":"http:\/\/milomare.eu\/cs\/wp-json\/wp\/v2\/pages\/1688","targetHints":{"allow":["GET"]}}],"collection":[{"href":"http:\/\/milomare.eu\/cs\/wp-json\/wp\/v2\/pages"}],"about":[{"href":"http:\/\/milomare.eu\/cs\/wp-json\/wp\/v2\/types\/page"}],"author":[{"embeddable":true,"href":"http:\/\/milomare.eu\/cs\/wp-json\/wp\/v2\/users\/1"}],"replies":[{"embeddable":true,"href":"http:\/\/milomare.eu\/cs\/wp-json\/wp\/v2\/comments?post=1688"}],"version-history":[{"count":49,"href":"http:\/\/milomare.eu\/cs\/wp-json\/wp\/v2\/pages\/1688\/revisions"}],"predecessor-version":[{"id":3543,"href":"http:\/\/milomare.eu\/cs\/wp-json\/wp\/v2\/pages\/1688\/revisions\/3543"}],"wp:attachment":[{"href":"http:\/\/milomare.eu\/cs\/wp-json\/wp\/v2\/media?parent=1688"}],"curies":[{"name":"wp","href":"https:\/\/api.w.org\/{rel}","templated":true}]}}